{"id":49,"date":"2022-10-29T14:36:36","date_gmt":"2022-10-29T14:36:36","guid":{"rendered":"https:\/\/vvckbyf.cluster030.hosting.ovh.net\/?page_id=49"},"modified":"2022-10-29T14:41:17","modified_gmt":"2022-10-29T14:41:17","slug":"aktualnosci","status":"publish","type":"page","link":"http:\/\/vvckbyf.cluster030.hosting.ovh.net\/index.php\/aktualnosci\/","title":{"rendered":"Klienci"},"content":{"rendered":"\n<h2 class=\"wp-block-heading\">Firmy kt\u00f3re korzysta\u0142y z naszych us\u0142ug<\/h2>\n\n\n\n<ul class=\"wp-block-list\"><li>GARMOND Ltd Krak\u00f3w<\/li><li>GARMOND PRESS Katowice sp. z o.o.<\/li><li>UNIPRESS Warszawa sp. z o.o.<\/li><li>Mi\u0119dzynarodowe Centrum Kultury Krak\u00f3w<\/li><li>BIW &#8220;KONCEPT&#8221; Krak\u00f3w<\/li><li>PHU LOBOS sp. z o.o. Krak\u00f3w<\/li><li>Drukarnia BORYS Krak\u00f3w<\/li><li>Hotel IBIS Krak\u00f3w<\/li><li>UNIPRESS Krak\u00f3w sp. z o.o.<\/li><li>Zaklady Koksownicze Przyja\u017a\u0144 w D\u0105browie G\u00f3rniczej<\/li><li>FAKRO sp. z o.o. Nowy S\u0105cz<\/li><li>Towarzystwo Finansowe SILESIA SA Katowice<\/li><li>ERBET sp. z o.o. Nowy S\u0105cz<\/li><li>CRODA POLAND<\/li><li>BEGEROW Tarnobrzeg<\/li><li>Mi\u0119dzynarodowy Transtort Drogowy i Spedycja OLMA Nowy S\u0105cz<\/li><li>PBI Machnik Krynica<\/li><li>FLORAD sp. z o.o. Tymbark<\/li><li>GALICJANKA sp. z o.o. Powro\u017anik<\/li><li>ZPChr BROTHERS Nowy S\u0105cz<\/li><li>MARIMEX My\u015blenice<\/li><li>M-Cars Krak\u00f3w<\/li><li>MAXTO sp\u00f3\u0142ka jawna Krak\u00f3w<\/li><\/ul>\n","protected":false},"excerpt":{"rendered":"<p>Firmy kt\u00f3re korzysta\u0142y z naszych us\u0142ug GARMOND Ltd Krak\u00f3w GARMOND PRESS Katowice sp. z o.o. UNIPRESS Warszawa sp. z o.o. Mi\u0119dzynarodowe Centrum Kultury Krak\u00f3w BIW &#8220;KONCEPT&#8221; Krak\u00f3w PHU LOBOS sp. z o.o. Krak\u00f3w Drukarnia BORYS Krak\u00f3w Hotel IBIS Krak\u00f3w UNIPRESS Krak\u00f3w sp. z o.o. Zaklady Koksownicze Przyja\u017a\u0144 w D\u0105browie G\u00f3rniczej FAKRO sp. z o.o. Nowy [&hellip;]<\/p>\n","protected":false},"author":1,"featured_media":0,"parent":0,"menu_order":0,"comment_status":"closed","ping_status":"closed","template":"","meta":{"footnotes":""},"class_list":["post-49","page","type-page","status-publish","hentry"],"_links":{"self":[{"href":"http:\/\/vvckbyf.cluster030.hosting.ovh.net\/index.php\/wp-json\/wp\/v2\/pages\/49","targetHints":{"allow":["GET"]}}],"collection":[{"href":"http:\/\/vvckbyf.cluster030.hosting.ovh.net\/index.php\/wp-json\/wp\/v2\/pages"}],"about":[{"href":"http:\/\/vvckbyf.cluster030.hosting.ovh.net\/index.php\/wp-json\/wp\/v2\/types\/page"}],"author":[{"embeddable":true,"href":"http:\/\/vvckbyf.cluster030.hosting.ovh.net\/index.php\/wp-json\/wp\/v2\/users\/1"}],"replies":[{"embeddable":true,"href":"http:\/\/vvckbyf.cluster030.hosting.ovh.net\/index.php\/wp-json\/wp\/v2\/comments?post=49"}],"version-history":[{"count":2,"href":"http:\/\/vvckbyf.cluster030.hosting.ovh.net\/index.php\/wp-json\/wp\/v2\/pages\/49\/revisions"}],"predecessor-version":[{"id":55,"href":"http:\/\/vvckbyf.cluster030.hosting.ovh.net\/index.php\/wp-json\/wp\/v2\/pages\/49\/revisions\/55"}],"wp:attachment":[{"href":"http:\/\/vvckbyf.cluster030.hosting.ovh.net\/index.php\/wp-json\/wp\/v2\/media?parent=49"}],"curies":[{"name":"wp","href":"https:\/\/api.w.org\/{rel}","templated":true}]}}