{"id":47,"date":"2022-10-29T14:36:07","date_gmt":"2022-10-29T14:36:07","guid":{"rendered":"https:\/\/vvckbyf.cluster030.hosting.ovh.net\/?page_id=47"},"modified":"2022-10-29T14:36:07","modified_gmt":"2022-10-29T14:36:07","slug":"uslugi","status":"publish","type":"page","link":"http:\/\/vvckbyf.cluster030.hosting.ovh.net\/index.php\/uslugi\/","title":{"rendered":"Us\u0142ugi"},"content":{"rendered":"\n<ul class=\"wp-block-list\"><li>Audyt sprawozda\u0144 finansowych<\/li><li>Analizy ekonomiczne<\/li><li>Analizy finansowe<\/li><li>Po\u015bwiadczanie bilans\u00f3w dla firm transportowych<\/li><li>Po\u015bwiadczanie zdolno\u015bci finansowej dla firm transportowych<\/li><li>Audyt \u015brodk\u00f3w unijnych<\/li><li>Rozliczanie koszt\u00f3w kontrakt\u00f3w<\/li><li>Sporz\u0105dzanie bilans\u00f3w i rachunk\u00f3w zysk\u00f3w i strat<\/li><li>Ocena prawid\u0142owo\u015bci prowadzenia rachunkowo\u015bci<\/li><li>Ocena prawid\u0142owo\u015bci stosowania rozlicze\u0144<\/li><li>Prawid\u0142owo\u015b\u0107 stosowania MSR<\/li><li>Wydawanie certyfikat\u00f3w po\u015bwiadczaj\u0105cych prawid\u0142owo\u015b\u0107 bilans\u00f3w<\/li><li>Doradztwo z zakresu rachunkowo\u015bci<\/li><li>Ocena sytuacji finansowej<\/li><li>Sporz\u0105dzanie biznes \u2013 plan\u00f3w<\/li><li>Wykonywanie prognoz finansowych<\/li><li>Wycena udzia\u0142\u00f3w<\/li><li>Wycena zorganizowanej cz\u0119\u015bci przedsi\u0119biorstwa<\/li><li>Badanie plan\u00f3w przekszta\u0142cenia<\/li><li>Wykonywanie opinii dla s\u0105d\u00f3w z zakresu rachunkowo\u015bci, finans\u00f3w, ekonomii<\/li><li>Wycena aport\u00f3w do sp\u00f3\u0142ek<\/li><li>Badanie sprawozda\u0144 finansowych<\/li><\/ul>\n","protected":false},"excerpt":{"rendered":"<p>Audyt sprawozda\u0144 finansowych Analizy ekonomiczne Analizy finansowe Po\u015bwiadczanie bilans\u00f3w dla firm transportowych Po\u015bwiadczanie zdolno\u015bci finansowej dla firm transportowych Audyt \u015brodk\u00f3w unijnych Rozliczanie koszt\u00f3w kontrakt\u00f3w Sporz\u0105dzanie bilans\u00f3w i rachunk\u00f3w zysk\u00f3w i strat Ocena prawid\u0142owo\u015bci prowadzenia rachunkowo\u015bci Ocena prawid\u0142owo\u015bci stosowania rozlicze\u0144 Prawid\u0142owo\u015b\u0107 stosowania MSR Wydawanie certyfikat\u00f3w po\u015bwiadczaj\u0105cych prawid\u0142owo\u015b\u0107 bilans\u00f3w Doradztwo z zakresu rachunkowo\u015bci Ocena sytuacji finansowej Sporz\u0105dzanie [&hellip;]<\/p>\n","protected":false},"author":1,"featured_media":0,"parent":0,"menu_order":0,"comment_status":"closed","ping_status":"closed","template":"","meta":{"footnotes":""},"class_list":["post-47","page","type-page","status-publish","hentry"],"_links":{"self":[{"href":"http:\/\/vvckbyf.cluster030.hosting.ovh.net\/index.php\/wp-json\/wp\/v2\/pages\/47","targetHints":{"allow":["GET"]}}],"collection":[{"href":"http:\/\/vvckbyf.cluster030.hosting.ovh.net\/index.php\/wp-json\/wp\/v2\/pages"}],"about":[{"href":"http:\/\/vvckbyf.cluster030.hosting.ovh.net\/index.php\/wp-json\/wp\/v2\/types\/page"}],"author":[{"embeddable":true,"href":"http:\/\/vvckbyf.cluster030.hosting.ovh.net\/index.php\/wp-json\/wp\/v2\/users\/1"}],"replies":[{"embeddable":true,"href":"http:\/\/vvckbyf.cluster030.hosting.ovh.net\/index.php\/wp-json\/wp\/v2\/comments?post=47"}],"version-history":[{"count":1,"href":"http:\/\/vvckbyf.cluster030.hosting.ovh.net\/index.php\/wp-json\/wp\/v2\/pages\/47\/revisions"}],"predecessor-version":[{"id":48,"href":"http:\/\/vvckbyf.cluster030.hosting.ovh.net\/index.php\/wp-json\/wp\/v2\/pages\/47\/revisions\/48"}],"wp:attachment":[{"href":"http:\/\/vvckbyf.cluster030.hosting.ovh.net\/index.php\/wp-json\/wp\/v2\/media?parent=47"}],"curies":[{"name":"wp","href":"https:\/\/api.w.org\/{rel}","templated":true}]}}