{"id":38,"date":"2022-10-29T14:26:10","date_gmt":"2022-10-29T14:26:10","guid":{"rendered":"https:\/\/vvckbyf.cluster030.hosting.ovh.net\/?page_id=38"},"modified":"2022-10-29T14:31:46","modified_gmt":"2022-10-29T14:31:46","slug":"home","status":"publish","type":"page","link":"http:\/\/vvckbyf.cluster030.hosting.ovh.net\/","title":{"rendered":"Bieg\u0142y Rewident Jerzy Migas"},"content":{"rendered":"\n<h2 class=\"wp-block-heading\">Bieg\u0142y prowadzi badania i doradztwo:<\/h2>\n\n\n\n<ul class=\"wp-block-list\"><li>sp\u00f3\u0142ek z udzia\u0142em kapita\u0142u zagranicznego, w tym sp\u00f3\u0142ek wchodz\u0105cych w sk\u0142ad grupy kapita\u0142owej zagranicznej<\/li><li>w zakresie rozlicze\u0144 dotacji bud\u017cetowych podmiotowych i przedmiotowych, prywatnych, oraz dotacji unijnych, a tak\u017ce z fundusz\u00f3w zagranicznych<\/li><li>w zakresie \u0142\u0105czenia sp\u00f3\u0142ek, wnoszenia aport\u00f3w, wyceny znak\u00f3w towarowych<\/li><li>w zakresie konsolidacji bilans\u00f3w, w tym tak\u017ce bilans\u00f3w sporz\u0105dzanych poza terytorium Polski<\/li><\/ul>\n\n\n\n<p>Bieg\u0142y przeprowadza tak\u017ce badania sprawozda\u0144 finansowych grup kapita\u0142owych w ramach konsolidacji grupy, w tym tak\u017ce grup posiadaj\u0105cych powi\u0105zania kapita\u0142owe z zagranic\u0105 czy to w formie oddzia\u0142u, czy tak\u017ce w formie udzia\u0142\u00f3w w podmiocie zagranicznym.<\/p>\n\n\n\n<p>Bieg\u0142y prowadzi tak\u017ce r\u00f3\u017cne formy doradztwa, a tak\u017ce bra\u0142 udzia\u0142 w przygotowywaniu jednostek pa\u0144stwowych do prywatyzacji, tak\u017ce weryfikowa\u0142 plany restrukturyzacji kredyt\u00f3w oraz po\u015bredniczy\u0142 w rozmowach z bankami.<\/p>\n\n\n\n<h2 class=\"wp-block-heading\">Proponowane metody badania:<\/h2>\n\n\n\n<ol class=\"wp-block-list\"><li>Badanie wst\u0119pne<ul><li>termin rozpocz\u0119cia do uzgodnienia, po podpisaniu umowy<\/li><li>zakres badania obejmuje pe\u0142n\u0105 kontrol\u0119 stosowania polityki rachunkowo\u015bci, a w przypadku jej zmiany okre\u015blenie wp\u0142ywu podj\u0119tych zmian na balans i rachunek zysk\u00f3w i strat<\/li><li>badanie to obejmuje pe\u0142n\u0105 weryfikacj\u0119 ekonomicznej op\u0142acalno\u015bci zdarze\u0144 gospodarczych<\/li><li>okre\u015blone zostan\u0105 wst\u0119pnie granice istotno\u015bci cz\u0105stkowych, oraz \u0142\u0105cznych, dla wszystkich sk\u0142adnik\u00f3w sprawozdania finansowego<\/li><li>przeprowadzona zostanie metod\u0105 reprezentacyjn\u0105 kontrola zgodno\u015bci ksi\u0119gowa\u0144 i termin\u00f3w ksi\u0119gowa\u0144 z posiadanymi odpowiednimi dokumentami<\/li><\/ul><\/li><li>Badanie ostateczne \u2013 termin do uzgodnienia<ul><li>weryfikacja pe\u0142na odpis\u00f3w aktualizuj\u0105cych<\/li><li>analiza i weryfikacja prowadzonych spraw s\u0105dowych, oraz spornych<\/li><li>pe\u0142na weryfikacja zasadno\u015bci utworzonych rezerw<\/li><li>uzupe\u0142nienie badania wst\u0119pnego w sprawach, kt\u00f3re nie mog\u0142y by\u0107 z przyczyn obiektywnych zweryfikowane w badaniu wst\u0119pnym<\/li><li>ocena prawid\u0142owo\u015bci wszystkich pozycji sprawozdania finansowego<\/li><li>wydanie opinii i sporz\u0105dzenie raportu z badania<\/li><\/ul><\/li><\/ol>\n\n\n\n<p>W celu dotrzymania termin\u00f3w istotn\u0105 rol\u0119 pe\u0142ni terminowy sp\u0142yw dokument\u00f3w, a w przypadku brak\u00f3w dokument\u00f3w, ustalenie procedur tworzenia rezerw na braki.<\/p>\n","protected":false},"excerpt":{"rendered":"<p>Bieg\u0142y prowadzi badania i doradztwo: sp\u00f3\u0142ek z udzia\u0142em kapita\u0142u zagranicznego, w tym sp\u00f3\u0142ek wchodz\u0105cych w sk\u0142ad grupy kapita\u0142owej zagranicznej w zakresie rozlicze\u0144 dotacji bud\u017cetowych podmiotowych i przedmiotowych, prywatnych, oraz dotacji unijnych, a tak\u017ce z fundusz\u00f3w zagranicznych w zakresie \u0142\u0105czenia sp\u00f3\u0142ek, wnoszenia aport\u00f3w, wyceny znak\u00f3w towarowych w zakresie konsolidacji bilans\u00f3w, w tym tak\u017ce bilans\u00f3w sporz\u0105dzanych poza [&hellip;]<\/p>\n","protected":false},"author":1,"featured_media":0,"parent":0,"menu_order":0,"comment_status":"closed","ping_status":"closed","template":"","meta":{"footnotes":""},"class_list":["post-38","page","type-page","status-publish","hentry"],"_links":{"self":[{"href":"http:\/\/vvckbyf.cluster030.hosting.ovh.net\/index.php\/wp-json\/wp\/v2\/pages\/38","targetHints":{"allow":["GET"]}}],"collection":[{"href":"http:\/\/vvckbyf.cluster030.hosting.ovh.net\/index.php\/wp-json\/wp\/v2\/pages"}],"about":[{"href":"http:\/\/vvckbyf.cluster030.hosting.ovh.net\/index.php\/wp-json\/wp\/v2\/types\/page"}],"author":[{"embeddable":true,"href":"http:\/\/vvckbyf.cluster030.hosting.ovh.net\/index.php\/wp-json\/wp\/v2\/users\/1"}],"replies":[{"embeddable":true,"href":"http:\/\/vvckbyf.cluster030.hosting.ovh.net\/index.php\/wp-json\/wp\/v2\/comments?post=38"}],"version-history":[{"count":4,"href":"http:\/\/vvckbyf.cluster030.hosting.ovh.net\/index.php\/wp-json\/wp\/v2\/pages\/38\/revisions"}],"predecessor-version":[{"id":45,"href":"http:\/\/vvckbyf.cluster030.hosting.ovh.net\/index.php\/wp-json\/wp\/v2\/pages\/38\/revisions\/45"}],"wp:attachment":[{"href":"http:\/\/vvckbyf.cluster030.hosting.ovh.net\/index.php\/wp-json\/wp\/v2\/media?parent=38"}],"curies":[{"name":"wp","href":"https:\/\/api.w.org\/{rel}","templated":true}]}}