{"id":16,"date":"2022-10-29T13:57:07","date_gmt":"2022-10-29T13:57:07","guid":{"rendered":"https:\/\/vvckbyf.cluster030.hosting.ovh.net\/?page_id=16"},"modified":"2022-10-29T14:20:42","modified_gmt":"2022-10-29T14:20:42","slug":"informacje","status":"publish","type":"page","link":"http:\/\/vvckbyf.cluster030.hosting.ovh.net\/index.php\/informacje\/","title":{"rendered":"O firmie"},"content":{"rendered":"\n<p>Badanie bilans\u00f3w przeprowadza bieg\u0142y rewident Jerzy Migas wykonuj\u0105cy zaw\u00f3d bieg\u0142ego zarejestrowany w Krajowej Izby Bieg\u0142ych Rewident\u00f3w pod nr. 2546 i wpisany na list\u0119 podmiot\u00f3w uprawnionych do badania sprawozda\u0144 finansowych pod nr 1779. Forma prawna podmiotu \u2013 osoba fizyczna wykonuj\u0105ca dzia\u0142alno\u015b\u0107 gospodarcz\u0105 we w\u0142asnym imieniu i na w\u0142asny rachunek, wpis na list\u0119 podmiot\u00f3w Uchwa\u0142a nr 403\/91\/98 Krajowej Rady Bieg\u0142ych Rewident\u00f3w.<\/p>\n\n\n\n<p>Bieg\u0142y prowadzi swoj\u0105 dzia\u0142alno\u015b\u0107 od 1992 r. Zakres tematyczny kontrolowanych firm jest bardzo szeroki. Wachlarz firm obejmuje osoby prawne poczynaj\u0105c od przedsi\u0119biorstw pa\u0144stwowych poprzez sp\u00f3\u0142ki prawa handlowego, a tak\u017ce osoby fizyczne.<\/p>\n","protected":false},"excerpt":{"rendered":"<p>Badanie bilans\u00f3w przeprowadza bieg\u0142y rewident Jerzy Migas wykonuj\u0105cy zaw\u00f3d bieg\u0142ego zarejestrowany w Krajowej Izby Bieg\u0142ych Rewident\u00f3w pod nr. 2546 i wpisany na list\u0119 podmiot\u00f3w uprawnionych do badania sprawozda\u0144 finansowych pod nr 1779. Forma prawna podmiotu \u2013 osoba fizyczna wykonuj\u0105ca dzia\u0142alno\u015b\u0107 gospodarcz\u0105 we w\u0142asnym imieniu i na w\u0142asny rachunek, wpis na list\u0119 podmiot\u00f3w Uchwa\u0142a nr 403\/91\/98 [&hellip;]<\/p>\n","protected":false},"author":1,"featured_media":0,"parent":0,"menu_order":0,"comment_status":"closed","ping_status":"closed","template":"","meta":{"footnotes":""},"class_list":["post-16","page","type-page","status-publish","hentry"],"_links":{"self":[{"href":"http:\/\/vvckbyf.cluster030.hosting.ovh.net\/index.php\/wp-json\/wp\/v2\/pages\/16","targetHints":{"allow":["GET"]}}],"collection":[{"href":"http:\/\/vvckbyf.cluster030.hosting.ovh.net\/index.php\/wp-json\/wp\/v2\/pages"}],"about":[{"href":"http:\/\/vvckbyf.cluster030.hosting.ovh.net\/index.php\/wp-json\/wp\/v2\/types\/page"}],"author":[{"embeddable":true,"href":"http:\/\/vvckbyf.cluster030.hosting.ovh.net\/index.php\/wp-json\/wp\/v2\/users\/1"}],"replies":[{"embeddable":true,"href":"http:\/\/vvckbyf.cluster030.hosting.ovh.net\/index.php\/wp-json\/wp\/v2\/comments?post=16"}],"version-history":[{"count":4,"href":"http:\/\/vvckbyf.cluster030.hosting.ovh.net\/index.php\/wp-json\/wp\/v2\/pages\/16\/revisions"}],"predecessor-version":[{"id":37,"href":"http:\/\/vvckbyf.cluster030.hosting.ovh.net\/index.php\/wp-json\/wp\/v2\/pages\/16\/revisions\/37"}],"wp:attachment":[{"href":"http:\/\/vvckbyf.cluster030.hosting.ovh.net\/index.php\/wp-json\/wp\/v2\/media?parent=16"}],"curies":[{"name":"wp","href":"https:\/\/api.w.org\/{rel}","templated":true}]}}